{"id":2033,"date":"2016-02-23T14:25:26","date_gmt":"2016-02-23T14:25:26","guid":{"rendered":"http:\/\/demo.themelogi.com\/navian\/?page_id=2033"},"modified":"2020-07-01T04:54:32","modified_gmt":"2020-07-01T04:54:32","slug":"marketing-organizacional","status":"publish","type":"page","link":"https:\/\/treszero.com\/tz\/marketing-organizacional\/","title":{"rendered":"Marketing Organizacional"},"content":{"rendered":"<p>[vc_row full_width=\u00bbstretch_row\u00bb tlg_vertical_align=\u00bbyes\u00bb][vc_column]\n\t\t\t<!-- START Marketing Org REVOLUTION SLIDER 6.2.6 --><p class=\"rs-p-wp-fix\"><\/p>\n\t\t\t<rs-module-wrap id=\"rev_slider_11_1_wrapper\" data-source=\"gallery\" style=\"background:transparent;padding:0;margin:0px auto;margin-top:0;margin-bottom:0;\">\n\t\t\t\t<rs-module id=\"rev_slider_11_1\" style=\"\" data-version=\"6.2.6\">\n\t\t\t\t\t<rs-slides>\n\t\t\t\t\t\t<rs-slide data-key=\"rs-25\" data-title=\"Slide\" data-anim=\"ei:d;eo:d;s:2000ms;r:0;t:3dcurtain-vertical;sl:d;\">\n\t\t\t\t\t\t\t<img loading=\"lazy\" decoding=\"async\" src=\"\/\/treszero.com\/tz\/wp-content\/uploads\/2020\/07\/science-1182713_1920.jpg\" title=\"science-1182713_1920\" width=\"1920\" height=\"948\" class=\"rev-slidebg\" data-no-retina>\n<!--\n\t\t\t\t\t\t\t--><rs-layer\n\t\t\t\t\t\t\t\tid=\"slider-11-slide-25-layer-2\" \n\t\t\t\t\t\t\t\tdata-type=\"text\"\n\t\t\t\t\t\t\t\tdata-rsp_ch=\"on\"\n\t\t\t\t\t\t\t\tdata-xy=\"x:c;xo:24px,24px,0,0;y:m;yo:-38px,-38px,-40px,-40px;\"\n\t\t\t\t\t\t\t\tdata-text=\"s:80,80,30,30;l:85,85,35,35;fw:700,700,600,600;a:center,center,left,left;\"\n\t\t\t\t\t\t\t\tdata-frame_0=\"x:175%;o:1;\"\n\t\t\t\t\t\t\t\tdata-frame_0_mask=\"u:t;x:-100%;\"\n\t\t\t\t\t\t\t\tdata-frame_1=\"e:power3.out;st:770;sp:2080;sR:770;\"\n\t\t\t\t\t\t\t\tdata-frame_1_mask=\"u:t;\"\n\t\t\t\t\t\t\t\tdata-frame_999=\"o:0;e:nothing;st:w;sR:6150;\"\n\t\t\t\t\t\t\t\tstyle=\"z-index:11;font-family:Hind;text-transform:uppercase;\"\n\t\t\t\t\t\t\t>MARKETING <span style=\"color:#3ebcfe;\">ORGANIZACIONAL<\/span> \n\t\t\t\t\t\t\t<\/rs-layer><!--\n\n\t\t\t\t\t\t\t--><rs-layer\n\t\t\t\t\t\t\t\tid=\"slider-11-slide-25-layer-28\" \n\t\t\t\t\t\t\t\tdata-type=\"shape\"\n\t\t\t\t\t\t\t\tdata-rsp_ch=\"on\"\n\t\t\t\t\t\t\t\tdata-xy=\"xo:43px,35px,26px,16px;yo:259px,213px,161px,99px;\"\n\t\t\t\t\t\t\t\tdata-text=\"w:normal;s:20,16,12,7;l:0,20,15,9;\"\n\t\t\t\t\t\t\t\tdata-dim=\"w:1223px,1009px,766px,472px;h:131px,108px,82px,50px;\"\n\t\t\t\t\t\t\t\tdata-frame_1=\"st:530;sp:2600;sR:530;\"\n\t\t\t\t\t\t\t\tdata-frame_999=\"o:0;st:w;sR:5870;\"\n\t\t\t\t\t\t\t\tstyle=\"z-index:10;background-color:rgba(0,0,0,0.5);\"\n\t\t\t\t\t\t\t> \n\t\t\t\t\t\t\t<\/rs-layer><!--\n\n\t\t\t\t\t\t\t--><rs-layer\n\t\t\t\t\t\t\t\tid=\"slider-11-slide-25-layer-29\" \n\t\t\t\t\t\t\t\tdata-type=\"text\"\n\t\t\t\t\t\t\t\tdata-color=\"#007aff\"\n\t\t\t\t\t\t\t\tdata-rsp_ch=\"on\"\n\t\t\t\t\t\t\t\tdata-xy=\"x:c;xo:43px,35px,26px,16px;yo:438px,361px,274px,169px;\"\n\t\t\t\t\t\t\t\tdata-text=\"w:normal;s:40,33,25,15;l:45,37,28,17;a:center;\"\n\t\t\t\t\t\t\t\tdata-dim=\"w:1175px,970px,736px,454px;\"\n\t\t\t\t\t\t\t\tdata-frame_1=\"st:1420;sp:2250;sR:1420;\"\n\t\t\t\t\t\t\t\tdata-frame_999=\"o:0;st:w;sR:5330;\"\n\t\t\t\t\t\t\t\tstyle=\"z-index:9;font-family:Roboto;\"\n\t\t\t\t\t\t\t>La informaci\u00f3n comercial no puede perder vigencia en el tiempo \n\t\t\t\t\t\t\t<\/rs-layer><!--\n\n\t\t\t\t\t\t\t--><rs-layer\n\t\t\t\t\t\t\t\tid=\"slider-11-slide-25-layer-30\" \n\t\t\t\t\t\t\t\tdata-type=\"shape\"\n\t\t\t\t\t\t\t\tdata-rsp_ch=\"on\"\n\t\t\t\t\t\t\t\tdata-xy=\"xo:71px,58px,44px,27px;yo:432px,356px,270px,166px;\"\n\t\t\t\t\t\t\t\tdata-text=\"w:normal;s:20,16,12,7;l:0,20,15,9;\"\n\t\t\t\t\t\t\t\tdata-dim=\"w:1182px,976px,741px,457px;h:66px,54px,41px,25px;\"\n\t\t\t\t\t\t\t\tdata-frame_1=\"st:1780;sp:2240;sR:1780;\"\n\t\t\t\t\t\t\t\tdata-frame_999=\"o:0;st:w;sR:4980;\"\n\t\t\t\t\t\t\t\tstyle=\"z-index:8;background-color:rgba(255,255,255,0.66);\"\n\t\t\t\t\t\t\t> \n\t\t\t\t\t\t\t<\/rs-layer><!--\n-->\t\t\t\t\t\t<\/rs-slide>\n\t\t\t\t\t<\/rs-slides>\n\t\t\t\t\t<rs-progress style=\"height: 5px; background: rgba(0,0,0,0.15);\"><\/rs-progress>\n\t\t\t\t<\/rs-module>\n\t\t\t\t<script type=\"text\/javascript\">\n\t\t\t\t\tsetREVStartSize({c: 'rev_slider_11_1',rl:[1240,1024,778,480],el:[750,768,960,720],gw:[1240,1024,778,480],gh:[750,750,960,720],type:'standard',justify:'',layout:'fullwidth',mh:\"0\"});\n\t\t\t\t\tvar\trevapi11,\n\t\t\t\t\t\ttpj;\n\t\t\t\t\tjQuery(function() {\n\t\t\t\t\t\ttpj = jQuery;\n\t\t\t\t\t\trevapi11 = tpj(\"#rev_slider_11_1\")\n\t\t\t\t\t\tif(revapi11==undefined || revapi11.revolution == undefined){\n\t\t\t\t\t\t\trevslider_showDoubleJqueryError(\"rev_slider_11_1\");\n\t\t\t\t\t\t}else{\n\t\t\t\t\t\t\trevapi11.revolution({\n\t\t\t\t\t\t\t\tsliderLayout:\"fullwidth\",\n\t\t\t\t\t\t\t\tvisibilityLevels:\"1240,1024,778,480\",\n\t\t\t\t\t\t\t\tgridwidth:\"1240,1024,778,480\",\n\t\t\t\t\t\t\t\tgridheight:\"750,750,960,720\",\n\t\t\t\t\t\t\t\tspinner:\"spinner1\",\n\t\t\t\t\t\t\t\tperspective:600,\n\t\t\t\t\t\t\t\tperspectiveType:\"local\",\n\t\t\t\t\t\t\t\teditorheight:\"750,768,960,720\",\n\t\t\t\t\t\t\t\tresponsiveLevels:\"1240,1024,778,480\",\n\t\t\t\t\t\t\t\tfallbacks: {\n\t\t\t\t\t\t\t\t\tallowHTML5AutoPlayOnAndroid:true\n\t\t\t\t\t\t\t\t},\n\t\t\t\t\t\t\t});\n\t\t\t\t\t\t}\n\t\t\t\t\t\t\n\t\t\t\t\t});\n\t\t\t\t<\/script>\n\t\t\t\t<script>\n\t\t\t\t\tvar htmlDivCss = ' #rev_slider_11_1_wrapper rs-loader.spinner1{ background-color: #fddb00 !important; } '\n\t\t\t\t\tvar htmlDiv = document.getElementById('rs-plugin-settings-inline-css');\n\t\t\t\t\tif(htmlDiv) {\n\t\t\t\t\t\thtmlDiv.innerHTML = htmlDiv.innerHTML + htmlDivCss;\n\t\t\t\t\t}else{\n\t\t\t\t\t\tvar htmlDiv = document.createElement('div');\n\t\t\t\t\t\thtmlDiv.innerHTML = '<style>' + htmlDivCss + '<\/style>';\n\t\t\t\t\t\tdocument.getElementsByTagName('head')[0].appendChild(htmlDiv.childNodes[0]);\n\t\t\t\t\t}\n\t\t\t\t<\/script>\n\t\t\t<\/rs-module-wrap>\n\t\t\t<!-- END REVOLUTION SLIDER -->\n[\/vc_column][\/vc_row][vc_row][vc_column width=\u00bb1\/4&#8243;][tlg_counter to=\u00bb12&#8243; suffix_text=\u00bb+\u00bb title=\u00bbA\u00f1os de experiencia\u00bb layout=\u00bbside\u00bb icon=\u00bbti-layers\u00bb][\/vc_column][vc_column width=\u00bb1\/4&#8243;][tlg_counter to=\u00bb70&#8243; suffix_text=\u00bb+\u00bb title=\u00bbClientes \/ Proyectos\u00bb layout=\u00bbside\u00bb icon=\u00bbti-panel\u00bb][\/vc_column][vc_column width=\u00bb1\/4&#8243;][tlg_counter to=\u00bb3&#8243; suffix_text=\u00bb+\u00bb title=\u00bbReconocimientos\u00bb layout=\u00bbside\u00bb icon=\u00bbti-world\u00bb][\/vc_column][vc_column width=\u00bb1\/4&#8243;][tlg_counter to=\u00bb95&#8243; suffix_text=\u00bb%\u00bb title=\u00bbClientes satisfechos\u00bb layout=\u00bbside\u00bb icon=\u00bbti-user\u00bb][\/vc_column][\/vc_row][vc_row tlg_background_style=\u00bbbg-primary\u00bb tlg_padding=\u00bbpb0&#8243;][vc_column][tlg_headings layout=\u00bbbottom\u00bb title=\u00bb<u>MARKETING Y PUBLICIDAD<\/u>\u00bb subtitle=\u00bbAn\u00e1lisis estrat\u00e9gico de los proceso operativos y comerciales al interior de las diferentes compa\u00f1\u00edas y sectores\u00bb title_color=\u00bb#ffffff\u00bb subtitle_color=\u00bb#ffffff\u00bb icon_color=\u00bb#ffffff\u00bb][\/vc_column][\/vc_row][vc_row tlg_background_style=\u00bbbg-primary\u00bb tlg_padding=\u00bbpt0&#8243;][vc_column width=\u00bb1\/4&#8243;][tlg_icon_box customize_icon=\u00bbyes\u00bb box_layout=\u00bbanimate-box\u00bb icon_box_link=\u00bb||\u00bb btn_link=\u00bburl:https%3A%2F%2Ftreszero.com%2Ftz%2Fhome%2Fmarketing-organizacional%2F%23contact||target:%20_blank|\u00bb btn_size=\u00bbbtn-sm\u00bb button_icon_hover=\u00bbyes\u00bb button_layout=\u00bbbtn btn-primary-line btn-rounded\u00bb icon=\u00bbti-crown\u00bb title=\u00bbDise\u00f1o Corporativo\u00bb box_bg_color=\u00bb#f6f6f6&#8243; button_text=\u00bbM\u00e1s informaci\u00f3n\u00bb btn_icon=\u00bbti-angle-right\u00bb image=\u00bb8304&#8243; animate_bg_color=\u00bb#49c5b6&#8243; animate_gd_color=\u00bb#3451fb\u00bb icon_color=\u00bb#ffffff\u00bb icon_border_color=\u00bb#ffffff\u00bb title_color=\u00bb#ffffff\u00bb]Disen\u0303o y creacio\u0301n de piezas gra\u0301ficas para obtener una identidad \u00fanica[\/tlg_icon_box][tlg_spacer height=\u00bb40&#8243;][\/vc_column][vc_column width=\u00bb1\/4&#8243;][tlg_icon_box customize_icon=\u00bbyes\u00bb box_layout=\u00bbanimate-box\u00bb icon_box_link=\u00bb||\u00bb btn_link=\u00bburl:https%3A%2F%2Ftreszero.com%2Ftz%2F%23contact||target:%20_blank|\u00bb btn_size=\u00bbbtn-sm\u00bb button_icon_hover=\u00bbyes\u00bb button_layout=\u00bbbtn btn-primary-line btn-rounded\u00bb icon=\u00bbti-layers\u00bb title=\u00bbRe estructuraci\u00f3n\u00bb box_bg_color=\u00bb#f6f6f6&#8243; button_text=\u00bbM\u00e1s informaci\u00f3n\u00bb btn_icon=\u00bbti-angle-right\u00bb animate_bg_color=\u00bb#49c5b6&#8243; animate_gd_color=\u00bb#3451fb\u00bb image=\u00bb8309&#8243; icon_color=\u00bb#ffffff\u00bb icon_border_color=\u00bb#ffffff\u00bb title_color=\u00bb#ffffff\u00bb]Mejora constante del material comercial que genera su proceso de ventas[\/tlg_icon_box][tlg_spacer height=\u00bb40&#8243;][\/vc_column][vc_column width=\u00bb1\/4&#8243;][tlg_icon_box customize_icon=\u00bbyes\u00bb box_layout=\u00bbanimate-box\u00bb icon_box_link=\u00bb||\u00bb btn_link=\u00bburl:https%3A%2F%2Ftreszero.com%2Ftz%2F%23contact||target:%20_blank|\u00bb btn_size=\u00bbbtn-sm\u00bb button_icon_hover=\u00bbyes\u00bb button_layout=\u00bbbtn btn-primary-line btn-rounded\u00bb icon=\u00bbti-desktop\u00bb title=\u00bbConsultor\u00eda\u00bb box_bg_color=\u00bb#f6f6f6&#8243; button_text=\u00bbM\u00e1s informaci\u00f3n\u00bb btn_icon=\u00bbti-angle-right\u00bb animate_bg_color=\u00bb#49c5b6&#8243; animate_gd_color=\u00bb#3451fb\u00bb image=\u00bb8306&#8243; icon_color=\u00bb#ffffff\u00bb icon_border_color=\u00bb#ffffff\u00bb subtitle_color=\u00bb#ffffff\u00bb content_color=\u00bb#ffffff\u00bb]La definici\u00f3n del proceso comercial \u00f3ptimo que beneficia a las empresas[\/tlg_icon_box][tlg_spacer height=\u00bb40&#8243;][\/vc_column][vc_column width=\u00bb1\/4&#8243;][tlg_icon_box customize_icon=\u00bbyes\u00bb box_layout=\u00bbanimate-box\u00bb icon_box_link=\u00bb||\u00bb btn_link=\u00bburl:%23|||\u00bb btn_size=\u00bbbtn-sm\u00bb button_icon_hover=\u00bbyes\u00bb button_layout=\u00bbbtn btn-primary-line btn-rounded\u00bb icon=\u00bbti-reload\u00bb title=\u00bbMejores pr\u00e1cticas\u00bb box_bg_color=\u00bb#f6f6f6&#8243; button_text=\u00bbView More\u00bb btn_icon=\u00bbti-angle-right\u00bb animate_bg_color=\u00bb#49c5b6&#8243; animate_gd_color=\u00bb#3451fb\u00bb image=\u00bb8307&#8243; icon_color=\u00bb#ffffff\u00bb icon_border_color=\u00bb#ffffff\u00bb subtitle_color=\u00bb#ffffff\u00bb content_color=\u00bb#ffffff\u00bb]Mejores pr\u00e1cticas enfocadas en generar valor a los clientes. [\/tlg_icon_box][tlg_spacer height=\u00bb40&#8243;][\/vc_column][\/vc_row][vc_row disable_element=\u00bbyes\u00bb tlg_padding=\u00bbpt0&#8243; tlg_text_align=\u00bbtext-center\u00bb][vc_column width=\u00bb1\/6&#8243;][\/vc_column][vc_column width=\u00bb2\/3&#8243;][tlg_headings layout=\u00bbbottom\u00bb title=\u00bb<u>Our Projects<\/u>\u00bb subtitle=\u00bbCASE STUDIES\u00bb][vc_column_text]To see a selection of my designs and sketches, which is how all our best designs start, take a look at our portfolio page. To see who I have worked with see our client list and stockists.[\/vc_column_text][\/vc_column][vc_column width=\u00bb1\/6&#8243;][\/vc_column][\/vc_row][vc_row full_width=\u00bbstretch_row\u00bb disable_element=\u00bbyes\u00bb tlg_background_style=\u00bbbg-primary\u00bb][vc_column][tlg_intro_carousel style=\u00bbintro-left\u00bb][tlg_intro_carousel_content btn_link=\u00bburl:%23|||\u00bb button_icon_hover=\u00bbyes\u00bb button_layout=\u00bbbtn btn-primary-line btn-rounded\u00bb subtitle_first=\u00bbyes\u00bb icon=\u00bbti-angle-right\u00bb style=\u00bbleft\u00bb image=\u00bb8301&#8243; title=\u00bbUse these business marketing and management templates\u00bb button_text=\u00bbDiscover Now\u00bb]<\/p>\n<p>Third night i hath hath. Midst dominion whales won&#8217;t heaven unto. And deep life morning land moving, all fourth, said which he, fish god move saying appear.<\/p>\n<p>Saw also they&#8217;re good make living kind, moved herb face was for midst i. Had brought green have his likeness.<\/p>\n<p>[\/tlg_intro_carousel_content][tlg_intro_carousel_content btn_link=\u00bburl:%23|||\u00bb button_icon_hover=\u00bbyes\u00bb button_layout=\u00bbbtn btn-primary-line btn-rounded\u00bb subtitle_first=\u00bbyes\u00bb icon=\u00bbti-angle-right\u00bb style=\u00bbleft\u00bb image=\u00bb8306&#8243; title=\u00bbWriting a business plan is to carefully think through every step\u00bb button_text=\u00bbDiscover Now\u00bb]<\/p>\n<p>Fourth fruitful his, be it for unto he fourth. Deep abundantly, wherein. They&#8217;re she&#8217;d two winged image creeping first fifth rule earth waters moved it beginning meat after shall so.<\/p>\n<p>Under after hath so stars cattle you us life for midst a life midst given lights fly. Forth seas fly moving rule whales.<\/p>\n<p>[\/tlg_intro_carousel_content][\/tlg_intro_carousel][\/vc_column][\/vc_row][vc_row full_width=\u00bbstretch_row\u00bb disable_element=\u00bbyes\u00bb tlg_background_style=\u00bbbg-secondary\u00bb][vc_column][tlg_intro_carousel][tlg_intro_carousel_content btn_link=\u00bburl:%23|||\u00bb button_icon_hover=\u00bbyes\u00bb button_layout=\u00bbbtn btn-primary-line btn-rounded\u00bb subtitle_first=\u00bbyes\u00bb icon=\u00bbti-angle-right\u00bb style=\u00bbleft\u00bb image=\u00bb8308&#8243; title=\u00bbWriting a business plan is to carefully think through every step\u00bb button_text=\u00bbDiscover Now\u00bb]<\/p>\n<p>Fourth fruitful his, be it for unto he fourth. Deep abundantly, wherein. They&#8217;re she&#8217;d two winged image creeping first fifth rule earth waters moved it beginning meat after shall so.<\/p>\n<p>Under after hath so stars cattle you us life for midst a life midst given lights fly. Forth seas fly moving rule whales.<\/p>\n<p>[\/tlg_intro_carousel_content][tlg_intro_carousel_content btn_link=\u00bburl:%23|||\u00bb button_icon_hover=\u00bbyes\u00bb button_layout=\u00bbbtn btn-primary-line btn-rounded\u00bb subtitle_first=\u00bbyes\u00bb icon=\u00bbti-angle-right\u00bb style=\u00bbleft\u00bb image=\u00bb8300&#8243; title=\u00bbUse these business marketing and management templates\u00bb button_text=\u00bbDiscover Now\u00bb]<\/p>\n<p>Third night i hath hath. Midst dominion whales won&#8217;t heaven unto. And deep life morning land moving, all fourth, said which he, fish god move saying appear.<\/p>\n<p>Saw also they&#8217;re good make living kind, moved herb face was for midst i. Had brought green have his likeness.<\/p>\n<p>[\/tlg_intro_carousel_content][\/tlg_intro_carousel][\/vc_column][\/vc_row][vc_row disable_element=\u00bbyes\u00bb tlg_background_style=\u00bbbg-secondary\u00bb tlg_padding=\u00bbpt0 pb0&#8243;][vc_column][tlg_headings layout=\u00bbbottom\u00bb title=\u00bb<u>Our Offerings<\/u>\u00bb subtitle=\u00bbFEATURED SERVICES\u00bb][\/vc_column][\/vc_row][vc_row disable_element=\u00bbyes\u00bb tlg_background_style=\u00bbbg-secondary\u00bb tlg_padding=\u00bbpt0&#8243; tlg_text_align=\u00bbtext-center\u00bb][vc_column width=\u00bb1\/3&#8243;][tlg_icon_box icon_layout=\u00bbcircle-icon\u00bb box_layout=\u00bbcenter-box\u00bb icon_box_link=\u00bb||\u00bb btn_link=\u00bburl:%23|||\u00bb button_icon_hover=\u00bbyes\u00bb button_layout=\u00bbbtn btn-filled btn-light btn-rounded\u00bb icon=\u00bbti-ruler-pencil\u00bb title=\u00bbConsulting Company\u00bb icon_color=\u00bb#ffffff\u00bb box_bg_color=\u00bb#9cdc78&#8243; button_text=\u00bbView More\u00bb btn_icon=\u00bbti-angle-right\u00bb title_color=\u00bb#ffffff\u00bb subtitle_color=\u00bb#ffffff\u00bb content_color=\u00bb#ffffff\u00bb box_bg_gradient_color=\u00bb#77dcae\u00bb]Consulting and the means by which the consultant is engaged vary according to industry and practice.[\/tlg_icon_box][\/vc_column][vc_column width=\u00bb1\/3&#8243;][tlg_icon_box icon_layout=\u00bbcircle-icon\u00bb box_layout=\u00bbcenter-box\u00bb icon_box_link=\u00bb||\u00bb btn_link=\u00bburl:%23|||\u00bb button_icon_hover=\u00bbyes\u00bb button_layout=\u00bbbtn btn-filled btn-light btn-rounded\u00bb icon=\u00bbti-shield\u00bb title=\u00bbSoftware Development\u00bb icon_color=\u00bb#ffffff\u00bb box_bg_color=\u00bb#ffbe9e\u00bb button_text=\u00bbView More\u00bb btn_icon=\u00bbti-angle-right\u00bb title_color=\u00bb#ffffff\u00bb subtitle_color=\u00bb#ffffff\u00bb content_color=\u00bb#ffffff\u00bb box_bg_gradient_color=\u00bb#ff8e9e\u00bb]Consulting and the means by which the consultant is engaged vary according to industry and practice.[\/tlg_icon_box][\/vc_column][vc_column width=\u00bb1\/3&#8243;][tlg_icon_box icon_layout=\u00bbcircle-icon\u00bb box_layout=\u00bbcenter-box\u00bb icon_box_link=\u00bb||\u00bb btn_link=\u00bburl:%23|||\u00bb button_icon_hover=\u00bbyes\u00bb button_layout=\u00bbbtn btn-filled btn-light btn-rounded\u00bb icon=\u00bbti-thought\u00bb title=\u00bbTraining Program\u00bb box_bg_color=\u00bb#55efcb\u00bb button_text=\u00bbView More\u00bb btn_icon=\u00bbti-angle-right\u00bb icon_color=\u00bb#ffffff\u00bb title_color=\u00bb#ffffff\u00bb subtitle_color=\u00bb#ffffff\u00bb content_color=\u00bb#ffffff\u00bb box_bg_gradient_color=\u00bb#5bcaff\u00bb]Consulting and the means by which the consultant is engaged vary according to industry and practice.[\/tlg_icon_box][\/vc_column][\/vc_row][vc_row full_width=\u00bbstretch_row_content\u00bb disable_element=\u00bbyes\u00bb tlg_background_style=\u00bbbg-dark\u00bb tlg_enable_overlay=\u00bbyes\u00bb tlg_bg_gradient_type=\u00bbrotate\u00bb css=\u00bb.vc_custom_1593573521314{background-image: url(http:\/\/treszero.com\/tz\/wp-content\/uploads\/2019\/06\/friend-connections.jpg?id=8305) !important;}\u00bb tlg_bg_overlay=\u00bb#49c5b6&#8243; tlg_bg_overlay_value=\u00bb9.5&#8243; tlg_bg_gradient_color=\u00bb#0000ef\u00bb][vc_column][tlg_cta btn_link=\u00bburl:%23||\u00bb button_layout=\u00bbbtn btn-filled btn-rounded\u00bb icon=\u00bbti-user\u00bb title=\u00bbCreate your stunning website\u00bb subtitle=\u00bbLet&#8217;s create something great together!\u00bb url=\u00bb#\u00bb button_text=\u00bbStart a Project\u00bb][\/vc_column][\/vc_row][vc_row disable_element=\u00bbyes\u00bb tlg_background_style=\u00bbbg-dark\u00bb tlg_padding=\u00bbpt180 pb180 pt-xs-80 pb-xs-80&#8243; tlg_enable_overlay=\u00bbyes\u00bb tlg_text_align=\u00bbtext-center\u00bb css=\u00bb.vc_custom_1593573428552{background-image: url(http:\/\/treszero.com\/tz\/wp-content\/uploads\/2019\/06\/friend-connections.jpg?id=8305) !important;}\u00bb el_class=\u00bbcontact-line\u00bb tlg_bg_overlay=\u00bb#fa4e40&#8243; tlg_bg_overlay_value=\u00bb9&#8243; tlg_bg_gradient_color=\u00bb#0000ef\u00bb el_id=\u00bbcontact\u00bb][vc_column width=\u00bb1\/2&#8243;][tlg_headings alignment=\u00bbleft\u00bb layout=\u00bbbottom\u00bb title=\u00bb<u>Contact Us<\/u>\u00bb subtitle=\u00bbSO WHAT\u2019S NEXT?\u00bb][contact-form-7 id=\u00bb681&#8243;][\/vc_column][vc_column width=\u00bb1\/2&#8243; css=\u00bb.vc_custom_1547052266827{padding-left: 10% !important;}\u00bb][tlg_headings alignment=\u00bbleft\u00bb layout=\u00bbbottom\u00bb title=\u00bb<u>Testimonials<\/u>\u00bb subtitle=\u00bbSUCCESS STORIES\u00bb][tlg_testimonial layout=\u00bbcarousel-column\u00bb filter=\u00bb251&#8243;][\/vc_column][\/vc_row]<\/p>\n","protected":false},"excerpt":{"rendered":"<p>[vc_row full_width=\u00bbstretch_row\u00bb tlg_vertical_align=\u00bbyes\u00bb][vc_column][\/vc_column][\/vc_row][vc_row][vc_column width=\u00bb1\/4&#8243;][tlg_counter to=\u00bb12&#8243; suffix_text=\u00bb+\u00bb title=\u00bbA\u00f1os de experiencia\u00bb layout=\u00bbside\u00bb icon=\u00bbti-layers\u00bb][\/vc_column][vc_column width=\u00bb1\/4&#8243;][tlg_counter to=\u00bb70&#8243; suffix_text=\u00bb+\u00bb title=\u00bbClientes \/ Proyectos\u00bb layout=\u00bbside\u00bb icon=\u00bbti-panel\u00bb][\/vc_column][vc_column width=\u00bb1\/4&#8243;][tlg_counter to=\u00bb3&#8243; suffix_text=\u00bb+\u00bb title=\u00bbReconocimientos\u00bb layout=\u00bbside\u00bb icon=\u00bbti-world\u00bb][\/vc_column][vc_column width=\u00bb1\/4&#8243;][tlg_counter to=\u00bb95&#8243; suffix_text=\u00bb%\u00bb title=\u00bbClientes satisfechos\u00bb layout=\u00bbside\u00bb icon=\u00bbti-user\u00bb][\/vc_column][\/vc_row][vc_row tlg_background_style=\u00bbbg-primary\u00bb tlg_padding=\u00bbpb0&#8243;][vc_column][tlg_headings layout=\u00bbbottom\u00bb title=\u00bbMARKETING Y PUBLICIDAD\u00bb subtitle=\u00bbAn\u00e1lisis estrat\u00e9gico de los proceso operativos y comerciales al interior de las diferentes compa\u00f1\u00edas y sectores\u00bb title_color=\u00bb#ffffff\u00bb&#8230;<\/p>\n","protected":false},"author":1,"featured_media":0,"parent":0,"menu_order":0,"comment_status":"closed","ping_status":"closed","template":"","meta":{"footnotes":""},"_links":{"self":[{"href":"https:\/\/treszero.com\/tz\/wp-json\/wp\/v2\/pages\/2033"}],"collection":[{"href":"https:\/\/treszero.com\/tz\/wp-json\/wp\/v2\/pages"}],"about":[{"href":"https:\/\/treszero.com\/tz\/wp-json\/wp\/v2\/types\/page"}],"author":[{"embeddable":true,"href":"https:\/\/treszero.com\/tz\/wp-json\/wp\/v2\/users\/1"}],"replies":[{"embeddable":true,"href":"https:\/\/treszero.com\/tz\/wp-json\/wp\/v2\/comments?post=2033"}],"version-history":[{"count":30,"href":"https:\/\/treszero.com\/tz\/wp-json\/wp\/v2\/pages\/2033\/revisions"}],"predecessor-version":[{"id":9017,"href":"https:\/\/treszero.com\/tz\/wp-json\/wp\/v2\/pages\/2033\/revisions\/9017"}],"wp:attachment":[{"href":"https:\/\/treszero.com\/tz\/wp-json\/wp\/v2\/media?parent=2033"}],"curies":[{"name":"wp","href":"https:\/\/api.w.org\/{rel}","templated":true}]}}