{"id":6187,"date":"2017-05-26T08:36:11","date_gmt":"2017-05-26T08:36:11","guid":{"rendered":"http:\/\/demo.themelogi.com\/navian\/?page_id=6187"},"modified":"2020-06-25T04:32:11","modified_gmt":"2020-06-25T04:32:11","slug":"marketing-digital","status":"publish","type":"page","link":"https:\/\/treszero.com\/tz\/marketing-digital\/","title":{"rendered":"Marketing Digital"},"content":{"rendered":"<p>[vc_row full_width=\u00bbstretch_row\u00bb][vc_column]\n\t\t\t<!-- START Marketing Digital REVOLUTION SLIDER 6.2.6 --><p class=\"rs-p-wp-fix\"><\/p>\n\t\t\t<rs-module-wrap id=\"rev_slider_10_1_wrapper\" data-source=\"gallery\" style=\"background:transparent;padding:0;\">\n\t\t\t\t<rs-module id=\"rev_slider_10_1\" style=\"\" data-version=\"6.2.6\">\n\t\t\t\t\t<rs-slides>\n\t\t\t\t\t\t<rs-slide data-key=\"rs-22\" data-title=\"Slide\" data-anim=\"ei:d;eo:d;s:2000ms;r:0;t:3dcurtain-vertical;sl:d;\">\n\t\t\t\t\t\t\t<img loading=\"lazy\" decoding=\"async\" src=\"\/\/treszero.com\/tz\/wp-content\/uploads\/2020\/06\/marketingdigital.png\" title=\"marketingdigital\" width=\"1920\" height=\"1080\" class=\"rev-slidebg\" data-no-retina>\n<!--\n\t\t\t\t\t\t\t--><rs-layer\n\t\t\t\t\t\t\t\tid=\"slider-10-slide-22-layer-2\" \n\t\t\t\t\t\t\t\tdata-type=\"text\"\n\t\t\t\t\t\t\t\tdata-color=\"#000000||#000000||#ffffff||#ffffff\"\n\t\t\t\t\t\t\t\tdata-rsp_ch=\"on\"\n\t\t\t\t\t\t\t\tdata-xy=\"x:c;xo:28px,28px,0,0;y:m;yo:-327px,-327px,-40px,-40px;\"\n\t\t\t\t\t\t\t\tdata-text=\"s:70,70,30,30;l:85,85,35,35;fw:700,700,600,600;\"\n\t\t\t\t\t\t\t\tdata-frame_0=\"x:175%;o:1;\"\n\t\t\t\t\t\t\t\tdata-frame_0_mask=\"u:t;x:-100%;\"\n\t\t\t\t\t\t\t\tdata-frame_1=\"e:power3.out;st:770;sp:1730;sR:770;\"\n\t\t\t\t\t\t\t\tdata-frame_1_mask=\"u:t;\"\n\t\t\t\t\t\t\t\tdata-frame_999=\"o:0;e:nothing;st:w;sR:6500;\"\n\t\t\t\t\t\t\t\tstyle=\"z-index:8;font-family:Hind;text-transform:uppercase;\"\n\t\t\t\t\t\t\t>MARKETING <span style=\"color:#285e9d;\">digital<\/span> \n\t\t\t\t\t\t\t<\/rs-layer><!--\n\n\t\t\t\t\t\t\t--><rs-layer\n\t\t\t\t\t\t\t\tid=\"slider-10-slide-22-layer-13\" \n\t\t\t\t\t\t\t\tdata-type=\"text\"\n\t\t\t\t\t\t\t\tdata-color=\"#000000\"\n\t\t\t\t\t\t\t\tdata-rsp_ch=\"on\"\n\t\t\t\t\t\t\t\tdata-xy=\"x:c;xo:18px,14px,10px,6px;yo:362px,298px,226px,139px;\"\n\t\t\t\t\t\t\t\tdata-text=\"w:normal;s:22,18,13,8;l:25,20,15,9;a:center;\"\n\t\t\t\t\t\t\t\tdata-dim=\"w:347px,286px,217px,133px;\"\n\t\t\t\t\t\t\t\tdata-frame_0=\"y:50,41,31,19;\"\n\t\t\t\t\t\t\t\tdata-frame_1=\"st:1720;sp:1000;sR:1720;\"\n\t\t\t\t\t\t\t\tdata-frame_999=\"o:0;st:w;sR:6280;\"\n\t\t\t\t\t\t\t\tstyle=\"z-index:9;font-family:Rakkas;\"\n\t\t\t\t\t\t\t>La estrategia de mi empresa tiene \n\t\t\t\t\t\t\t<\/rs-layer><!--\n\n\t\t\t\t\t\t\t--><rs-layer\n\t\t\t\t\t\t\t\tid=\"slider-10-slide-22-layer-14\" \n\t\t\t\t\t\t\t\tdata-type=\"text\"\n\t\t\t\t\t\t\t\tdata-color=\"#0083ff\"\n\t\t\t\t\t\t\t\tdata-rsp_ch=\"on\"\n\t\t\t\t\t\t\t\tdata-xy=\"xo:488px,402px,305px,188px;yo:429px,354px,268px,165px;\"\n\t\t\t\t\t\t\t\tdata-text=\"w:normal;s:34,28,21,12;l:25,20,15,9;fw:500;\"\n\t\t\t\t\t\t\t\tdata-frame_1=\"st:2620;sp:1220;sR:2620;\"\n\t\t\t\t\t\t\t\tdata-frame_999=\"o:0;st:w;sR:5160;\"\n\t\t\t\t\t\t\t\tstyle=\"z-index:10;font-family:Roboto;\"\n\t\t\t\t\t\t\t>Imagen corporativa \n\t\t\t\t\t\t\t<\/rs-layer><!--\n\n\t\t\t\t\t\t\t--><rs-layer\n\t\t\t\t\t\t\t\tid=\"slider-10-slide-22-layer-15\" \n\t\t\t\t\t\t\t\tdata-type=\"text\"\n\t\t\t\t\t\t\t\tdata-color=\"#0083ff\"\n\t\t\t\t\t\t\t\tdata-rsp_ch=\"on\"\n\t\t\t\t\t\t\t\tdata-xy=\"xo:492px,406px,308px,190px;yo:479px,395px,300px,185px;\"\n\t\t\t\t\t\t\t\tdata-text=\"w:normal;s:20,16,12,7;l:25,20,15,9;fw:500;\"\n\t\t\t\t\t\t\t\tdata-frame_1=\"st:3400;sp:1260;sR:3400;\"\n\t\t\t\t\t\t\t\tdata-frame_999=\"o:0;st:w;sR:4340;\"\n\t\t\t\t\t\t\t\tstyle=\"z-index:11;font-family:Roboto;\"\n\t\t\t\t\t\t\t>Portal Web \n\t\t\t\t\t\t\t<\/rs-layer><!--\n\n\t\t\t\t\t\t\t--><rs-layer\n\t\t\t\t\t\t\t\tid=\"slider-10-slide-22-layer-16\" \n\t\t\t\t\t\t\t\tdata-type=\"text\"\n\t\t\t\t\t\t\t\tdata-color=\"#0083ff\"\n\t\t\t\t\t\t\t\tdata-rsp_ch=\"on\"\n\t\t\t\t\t\t\t\tdata-xy=\"xo:498px,411px,312px,192px;yo:527px,435px,330px,203px;\"\n\t\t\t\t\t\t\t\tdata-text=\"w:normal;s:30,24,18,11;l:25,20,15,9;fw:500;\"\n\t\t\t\t\t\t\t\tdata-frame_1=\"st:4110;sp:1180;sR:4110;\"\n\t\t\t\t\t\t\t\tdata-frame_999=\"o:0;st:w;sR:3710;\"\n\t\t\t\t\t\t\t\tstyle=\"z-index:12;font-family:Roboto;\"\n\t\t\t\t\t\t\t>Material publicitario \n\t\t\t\t\t\t\t<\/rs-layer><!--\n\n\t\t\t\t\t\t\t--><rs-layer\n\t\t\t\t\t\t\t\tid=\"slider-10-slide-22-layer-17\" \n\t\t\t\t\t\t\t\tdata-type=\"text\"\n\t\t\t\t\t\t\t\tdata-color=\"#0083ff\"\n\t\t\t\t\t\t\t\tdata-rsp_ch=\"on\"\n\t\t\t\t\t\t\t\tdata-xy=\"xo:606px,500px,379px,233px;yo:571px,471px,357px,220px;\"\n\t\t\t\t\t\t\t\tdata-text=\"w:normal;s:22,18,13,8;l:25,20,15,9;fw:500;\"\n\t\t\t\t\t\t\t\tdata-frame_1=\"st:4830;sp:1070;sR:4830;\"\n\t\t\t\t\t\t\t\tdata-frame_999=\"o:0;st:w;sR:3100;\"\n\t\t\t\t\t\t\t\tstyle=\"z-index:13;font-family:Roboto;\"\n\t\t\t\t\t\t\t>Redes sociales \n\t\t\t\t\t\t\t<\/rs-layer><!--\n\n\t\t\t\t\t\t\t--><rs-layer\n\t\t\t\t\t\t\t\tid=\"slider-10-slide-22-layer-18\" \n\t\t\t\t\t\t\t\tdata-type=\"text\"\n\t\t\t\t\t\t\t\tdata-color=\"#0083ff\"\n\t\t\t\t\t\t\t\tdata-rsp_ch=\"on\"\n\t\t\t\t\t\t\t\tdata-xy=\"xo:550px,454px,344px,212px;yo:635px,524px,398px,245px;\"\n\t\t\t\t\t\t\t\tdata-text=\"w:normal;s:20,16,12,7;l:25,20,15,9;fw:500;\"\n\t\t\t\t\t\t\t\tdata-frame_1=\"st:5310;sp:1100;sR:5310;\"\n\t\t\t\t\t\t\t\tdata-frame_999=\"o:0;st:w;sR:2590;\"\n\t\t\t\t\t\t\t\tstyle=\"z-index:14;font-family:Roboto;\"\n\t\t\t\t\t\t\t>e Commerce \n\t\t\t\t\t\t\t<\/rs-layer><!--\n\n\t\t\t\t\t\t\t--><rs-layer\n\t\t\t\t\t\t\t\tid=\"slider-10-slide-22-layer-19\" \n\t\t\t\t\t\t\t\tdata-type=\"text\"\n\t\t\t\t\t\t\t\tdata-color=\"#0083ff\"\n\t\t\t\t\t\t\t\tdata-rsp_ch=\"on\"\n\t\t\t\t\t\t\t\tdata-xy=\"xo:670px,553px,420px,259px;yo:477px,393px,298px,183px;\"\n\t\t\t\t\t\t\t\tdata-text=\"w:normal;s:40,33,25,15;l:25,20,15,9;fw:500;\"\n\t\t\t\t\t\t\t\tdata-frame_1=\"st:5930;sp:990;sR:5930;\"\n\t\t\t\t\t\t\t\tdata-frame_999=\"o:0;st:w;sR:2080;\"\n\t\t\t\t\t\t\t\tstyle=\"z-index:15;font-family:Roboto;\"\n\t\t\t\t\t\t\t>CRM \n\t\t\t\t\t\t\t<\/rs-layer><!--\n\n\t\t\t\t\t\t\t--><rs-layer\n\t\t\t\t\t\t\t\tid=\"slider-10-slide-22-layer-25\" \n\t\t\t\t\t\t\t\tdata-type=\"text\"\n\t\t\t\t\t\t\t\tdata-color=\"#0083ff\"\n\t\t\t\t\t\t\t\tdata-rsp_ch=\"on\"\n\t\t\t\t\t\t\t\tdata-xy=\"xo:494px,407px,309px,190px;yo:591px,488px,370px,228px;\"\n\t\t\t\t\t\t\t\tdata-text=\"w:normal;s:50,41,31,19;l:25,20,15,9;fw:500;\"\n\t\t\t\t\t\t\t\tdata-frame_1=\"st:6460;sp:1260;sR:6460;\"\n\t\t\t\t\t\t\t\tdata-frame_999=\"o:0;st:w;sR:1280;\"\n\t\t\t\t\t\t\t\tstyle=\"z-index:19;font-family:Roboto;\"\n\t\t\t\t\t\t\t>SEO \n\t\t\t\t\t\t\t<\/rs-layer><!--\n\n\t\t\t\t\t\t\t--><rs-layer\n\t\t\t\t\t\t\t\tid=\"slider-10-slide-22-layer-26\" \n\t\t\t\t\t\t\t\tdata-type=\"image\"\n\t\t\t\t\t\t\t\tdata-rsp_ch=\"on\"\n\t\t\t\t\t\t\t\tdata-xy=\"xo:695px,573px,435px,268px;yo:603px,497px,377px,232px;\"\n\t\t\t\t\t\t\t\tdata-text=\"w:normal;s:20,16,12,7;l:0,20,15,9;\"\n\t\t\t\t\t\t\t\tdata-dim=\"w:80px,66px,50px,30px;h:112px,92px,69px,42px;\"\n\t\t\t\t\t\t\t\tdata-frame_1=\"st:7290;sp:1300;sR:7290;\"\n\t\t\t\t\t\t\t\tdata-frame_999=\"o:0;st:w;sR:410;\"\n\t\t\t\t\t\t\t\tstyle=\"z-index:18;\"\n\t\t\t\t\t\t\t><img loading=\"lazy\" decoding=\"async\" src=\"\/\/treszero.com\/tz\/wp-content\/uploads\/2020\/06\/the-question-mark-350170_640.png\" width=\"456\" height=\"640\" data-no-retina> \n\t\t\t\t\t\t\t<\/rs-layer><!--\n-->\t\t\t\t\t\t<\/rs-slide>\n\t\t\t\t\t<\/rs-slides>\n\t\t\t\t\t<rs-progress style=\"height: 5px; background: rgba(0,0,0,0.15);\"><\/rs-progress>\n\t\t\t\t<\/rs-module>\n\t\t\t\t<script type=\"text\/javascript\">\n\t\t\t\t\tsetREVStartSize({c: 'rev_slider_10_1',rl:[1240,1024,778,480],el:[868,768,960,720],gw:[1240,1024,778,480],gh:[868,768,960,720],type:'standard',justify:'',layout:'fullscreen',offsetContainer:'',offset:'',mh:\"0\"});\n\t\t\t\t\tvar\trevapi10,\n\t\t\t\t\t\ttpj;\n\t\t\t\t\tjQuery(function() {\n\t\t\t\t\t\ttpj = jQuery;\n\t\t\t\t\t\trevapi10 = tpj(\"#rev_slider_10_1\")\n\t\t\t\t\t\tif(revapi10==undefined || revapi10.revolution == undefined){\n\t\t\t\t\t\t\trevslider_showDoubleJqueryError(\"rev_slider_10_1\");\n\t\t\t\t\t\t}else{\n\t\t\t\t\t\t\trevapi10.revolution({\n\t\t\t\t\t\t\t\tsliderLayout:\"fullscreen\",\n\t\t\t\t\t\t\t\tvisibilityLevels:\"1240,1024,778,480\",\n\t\t\t\t\t\t\t\tgridwidth:\"1240,1024,778,480\",\n\t\t\t\t\t\t\t\tgridheight:\"868,768,960,720\",\n\t\t\t\t\t\t\t\tspinner:\"spinner1\",\n\t\t\t\t\t\t\t\tperspective:600,\n\t\t\t\t\t\t\t\tperspectiveType:\"local\",\n\t\t\t\t\t\t\t\teditorheight:\"868,768,960,720\",\n\t\t\t\t\t\t\t\tresponsiveLevels:\"1240,1024,778,480\",\n\t\t\t\t\t\t\t\tfallbacks: {\n\t\t\t\t\t\t\t\t\tallowHTML5AutoPlayOnAndroid:true\n\t\t\t\t\t\t\t\t},\n\t\t\t\t\t\t\t});\n\t\t\t\t\t\t}\n\t\t\t\t\t\t\n\t\t\t\t\t});\n\t\t\t\t<\/script>\n\t\t\t\t<script>\n\t\t\t\t\tvar htmlDivCss = ' #rev_slider_10_1_wrapper rs-loader.spinner1{ background-color: #fddb00 !important; } '\n\t\t\t\t\tvar htmlDiv = document.getElementById('rs-plugin-settings-inline-css');\n\t\t\t\t\tif(htmlDiv) {\n\t\t\t\t\t\thtmlDiv.innerHTML = htmlDiv.innerHTML + htmlDivCss;\n\t\t\t\t\t}else{\n\t\t\t\t\t\tvar htmlDiv = document.createElement('div');\n\t\t\t\t\t\thtmlDiv.innerHTML = '<style>' + htmlDivCss + '<\/style>';\n\t\t\t\t\t\tdocument.getElementsByTagName('head')[0].appendChild(htmlDiv.childNodes[0]);\n\t\t\t\t\t}\n\t\t\t\t<\/script>\n\t\t\t<\/rs-module-wrap>\n\t\t\t<!-- END REVOLUTION SLIDER -->\n[\/vc_column][\/vc_row][vc_row][vc_column][tlg_headings title_tag=\u00bbh4&#8243; separator=\u00bbsplit\u00bb title=\u00bb01\u2014|Estrategias\u00bb subtitle=\u00bbLa era digital ha llegado\u00bb][\/vc_column][\/vc_row][vc_row tlg_large_container=\u00bbwide-container\u00bb tlg_padding=\u00bbpt0&#8243;][vc_column width=\u00bb1\/3&#8243; css=\u00bb.vc_custom_1546667844781{padding-right: 5% !important;padding-left: 5% !important;}\u00bb][tlg_icon_box box_layout=\u00bbbehind\u00bb icon_box_link=\u00bb||\u00bb color=\u00bbprimary-color-icon\u00bb icon=\u00bbti-world\u00bb title=\u00bbRedes sociales\u00bb subtitle=\u00bb01&#8243; subtitle_color=\u00bb#1e73be\u00bb]Creaci\u00f3n de mensajes estrat\u00e9gicos para las marcas que buscan mayor recordaci\u00f3n. [\/tlg_icon_box][\/vc_column][vc_column width=\u00bb1\/3&#8243; css=\u00bb.vc_custom_1546667851580{padding-right: 5% !important;padding-left: 5% !important;}\u00bb][tlg_icon_box box_layout=\u00bbbehind\u00bb icon_box_link=\u00bb||\u00bb color=\u00bbprimary-color-icon\u00bb icon=\u00bbti-thought\u00bb title=\u00bbBoletines Virtuales\u00bb subtitle=\u00bb02&#8243; subtitle_color=\u00bb#23c436&#8243;]Envi\u0301o de Correos Publicitarios por Internet para llegar a mas clientes en menos tiempo.[\/tlg_icon_box][\/vc_column][vc_column width=\u00bb1\/3&#8243; css=\u00bb.vc_custom_1546667856578{padding-right: 5% !important;padding-left: 5% !important;}\u00bb][tlg_icon_box box_layout=\u00bbbehind\u00bb icon_box_link=\u00bb||\u00bb color=\u00bbprimary-color-icon\u00bb icon=\u00bbti-package\u00bb title=\u00bbPosicionamiento\u00bb subtitle=\u00bb03&#8243; subtitle_color=\u00bb#dd8d16&#8243;]Mayor visibilidad de la Marca en Internet para empresas que buscar estar en el primer lugar.[\/tlg_icon_box][\/vc_column][\/vc_row][vc_row disable_element=\u00bbyes\u00bb tlg_padding=\u00bbpb0&#8243; el_id=\u00bbmain\u00bb][vc_column][tlg_headings alignment=\u00bbleft\u00bb separator=\u00bbsplit\u00bb title=\u00bb01\u2014|Case studies\u00bb subtitle=\u00bbRedesign and get to market\u00bb][\/vc_column][\/vc_row][vc_row full_width=\u00bbstretch_row\u00bb disable_element=\u00bbyes\u00bb][vc_column][tlg_portfolio pppage=\u00bb12&#8243; layout=\u00bbfull-grid-4col\u00bb show_filter=\u00bbNo\u00bb orderby=\u00bbtitle\u00bb order=\u00bbASC\u00bb][\/vc_column][\/vc_row][vc_row disable_element=\u00bbyes\u00bb tlg_padding=\u00bbpb0&#8243;][vc_column][tlg_headings alignment=\u00bbleft\u00bb separator=\u00bbsplit\u00bb title=\u00bb03\u2014|Our Team\u00bb subtitle=\u00bbA team of digital designers\u00bb][\/vc_column][\/vc_row][vc_row full_width=\u00bbstretch_row\u00bb disable_element=\u00bbyes\u00bb][vc_column][tlg_team pppage=\u00bb4&#8243; layout=\u00bbfullwidth\u00bb column=\u00bb4col\u00bb order=\u00bbASC\u00bb filter=\u00bb249&#8243;][\/vc_column][\/vc_row][vc_row full_width=\u00bbstretch_row\u00bb disable_element=\u00bbyes\u00bb tlg_background_style=\u00bbbg-dark\u00bb tlg_equal_height=\u00bbequal-height\u00bb][vc_column width=\u00bb2\/3&#8243; css=\u00bb.vc_custom_1559468934083{padding-top: 100px !important;padding-right: 15% !important;padding-bottom: 100px !important;padding-left: 15% !important;background-color: #5d13e7 !important;}\u00bb][tlg_headings alignment=\u00bbleft\u00bb layout=\u00bbbottom\u00bb title=\u00bb<u>Testimonials<\/u>\u00bb subtitle=\u00bbSUCCESS STORIES\u00bb][tlg_testimonial pppage=\u00bb3&#8243; layout=\u00bbcarousel-column\u00bb filter=\u00bb251&#8243;][\/vc_column][vc_column width=\u00bb1\/3&#8243; css=\u00bb.vc_custom_1560096631048{padding-top: 100px !important;padding-right: 15% !important;padding-bottom: 100px !important;padding-left: 15% !important;background-color: #8c64eb !important;}\u00bb][tlg_spacer height=\u00bb70&#8243; height_mobile=\u00bb0&#8243;][tlg_headings alignment=\u00bbleft\u00bb layout=\u00bbbottom\u00bb customize_font=\u00bbyes\u00bb subtitle_uppercase=\u00bbyes\u00bb title=\u00bb<u>hello@naviantheme.com<\/u>\u00bb subtitle=\u00bbLET\u2019S WORK TOGETHER\u00bb title_size=\u00bb30&#8243; subtitle_size=\u00bb25&#8243;][\/vc_column][\/vc_row][vc_row disable_element=\u00bbyes\u00bb tlg_background_style=\u00bbbg-secondary\u00bb tlg_padding=\u00bbpb0&#8243; tlg_enable_overlay=\u00bbyes\u00bb tlg_text_align=\u00bbtext-center\u00bb tlg_bg_overlay_value=\u00bb0&#8243;][vc_column][tlg_headings alignment=\u00bbleft\u00bb separator=\u00bbsplit\u00bb title=\u00bb04\u2014|Our Statistics\u00bb subtitle=\u00bbThe facts and statistics\u00bb][\/vc_column][\/vc_row][vc_row disable_element=\u00bbyes\u00bb tlg_background_style=\u00bbbg-secondary\u00bb tlg_padding=\u00bbpt0&#8243; tlg_text_align=\u00bbtext-center\u00bb][vc_column width=\u00bb1\/4&#8243;][tlg_counter to=\u00bb2450&#8243; title=\u00bbComplete Projects\u00bb layout=\u00bbboxed\u00bb title_color_primary=\u00bbprimary-color\u00bb subtitle=\u00bbCounter number\u00bb icon=\u00bbti-harddrives\u00bb][\/vc_column][vc_column width=\u00bb1\/4&#8243;][tlg_counter to=\u00bb320&#8243; suffix_text=\u00bb+\u00bb title=\u00bbCodes in month\u00bb layout=\u00bbboxed\u00bb title_color_primary=\u00bbprimary-color\u00bb subtitle=\u00bbCounter number\u00bb icon=\u00bbti-ruler-pencil\u00bb][\/vc_column][vc_column width=\u00bb1\/4&#8243;][tlg_counter to=\u00bb54&#8243; title=\u00bbAwards Winning\u00bb layout=\u00bbboxed\u00bb title_color_primary=\u00bbprimary-color\u00bb subtitle=\u00bbCounter number\u00bb icon=\u00bbti-shield\u00bb][\/vc_column][vc_column width=\u00bb1\/4&#8243;][tlg_counter to=\u00bb300&#8243; title=\u00bbCustom Elements\u00bb layout=\u00bbboxed\u00bb title_color_primary=\u00bbprimary-color\u00bb subtitle=\u00bbCounter number\u00bb icon=\u00bbti-ruler-alt-2&#8243;][\/vc_column][\/vc_row][vc_row disable_element=\u00bbyes\u00bb tlg_background_style=\u00bbbg-secondary\u00bb tlg_padding=\u00bbpt0&#8243; tlg_enable_overlay=\u00bbyes\u00bb tlg_text_align=\u00bbtext-center\u00bb tlg_bg_overlay_value=\u00bb0&#8243;][vc_column][tlg_clients layout=\u00bbcarousel-auto\u00bb][\/vc_column][\/vc_row][vc_row disable_element=\u00bbyes\u00bb tlg_padding=\u00bbpb0&#8243; tlg_enable_overlay=\u00bbyes\u00bb tlg_text_align=\u00bbtext-center\u00bb tlg_bg_overlay_value=\u00bb0&#8243;][vc_column][tlg_headings alignment=\u00bbleft\u00bb separator=\u00bbsplit\u00bb title=\u00bb04\u2014|Our Services\u00bb subtitle=\u00bbDesign for a better experience\u00bb][\/vc_column][\/vc_row][vc_row disable_element=\u00bbyes\u00bb tlg_padding=\u00bbpt0&#8243;][vc_column width=\u00bb1\/4&#8243;][tlg_icon_box customize_icon=\u00bbyes\u00bb box_layout=\u00bbanimate-box\u00bb icon_box_link=\u00bb||\u00bb btn_link=\u00bburl:%23|||\u00bb btn_size=\u00bbbtn-sm\u00bb button_icon_hover=\u00bbyes\u00bb button_layout=\u00bbbtn btn-primary-line btn-rounded\u00bb color=\u00bbprimary-color-icon\u00bb icon=\u00bbti-crown\u00bb title=\u00bbContent Creation Services\u00bb box_bg_color=\u00bb#f6f6f6&#8243; button_text=\u00bbView More\u00bb btn_icon=\u00bbti-angle-right\u00bb image=\u00bb8304&#8243; animate_bg_color=\u00bb#49c5b6&#8243; animate_gd_color=\u00bb#3451fb\u00bb]Consulting and the means by which the consultant[\/tlg_icon_box][tlg_spacer height=\u00bb60&#8243;][tlg_icon_box customize_icon=\u00bbyes\u00bb box_layout=\u00bbanimate-box\u00bb icon_box_link=\u00bb||\u00bb btn_link=\u00bburl:%23|||\u00bb btn_size=\u00bbbtn-sm\u00bb button_icon_hover=\u00bbyes\u00bb button_layout=\u00bbbtn btn-primary-line btn-rounded\u00bb color=\u00bbprimary-color-icon\u00bb icon=\u00bbti-user\u00bb title=\u00bbHuman Resource Management\u00bb box_bg_color=\u00bb#f6f6f6&#8243; button_text=\u00bbView More\u00bb btn_icon=\u00bbti-angle-right\u00bb image=\u00bb8308&#8243; animate_bg_color=\u00bb#49c5b6&#8243; animate_gd_color=\u00bb#3451fb\u00bb]Consulting and the means by which the consultant[\/tlg_icon_box][\/vc_column][vc_column width=\u00bb1\/4&#8243;][tlg_icon_box customize_icon=\u00bbyes\u00bb box_layout=\u00bbanimate-box\u00bb icon_box_link=\u00bb||\u00bb btn_link=\u00bburl:%23|||\u00bb btn_size=\u00bbbtn-sm\u00bb button_icon_hover=\u00bbyes\u00bb button_layout=\u00bbbtn btn-primary-line btn-rounded\u00bb color=\u00bbprimary-color-icon\u00bb icon=\u00bbti-layers\u00bb title=\u00bbSoftware Add-ons For Developers\u00bb box_bg_color=\u00bb#f6f6f6&#8243; button_text=\u00bbView More\u00bb btn_icon=\u00bbti-angle-right\u00bb animate_bg_color=\u00bb#49c5b6&#8243; animate_gd_color=\u00bb#3451fb\u00bb image=\u00bb8309&#8243;]Use these business planning, finance, marketing[\/tlg_icon_box][tlg_spacer height=\u00bb60&#8243;][tlg_icon_box customize_icon=\u00bbyes\u00bb box_layout=\u00bbanimate-box\u00bb icon_box_link=\u00bb||\u00bb btn_link=\u00bburl:%23|||\u00bb btn_size=\u00bbbtn-sm\u00bb button_icon_hover=\u00bbyes\u00bb button_layout=\u00bbbtn btn-primary-line btn-rounded\u00bb color=\u00bbprimary-color-icon\u00bb icon=\u00bbti-bookmark-alt\u00bb title=\u00bbMobile App Development\u00bb box_bg_color=\u00bb#f6f6f6&#8243; button_text=\u00bbView More\u00bb btn_icon=\u00bbti-angle-right\u00bb animate_bg_color=\u00bb#49c5b6&#8243; animate_gd_color=\u00bb#3451fb\u00bb image=\u00bb8310&#8243;]Use these business planning, finance, marketing[\/tlg_icon_box][\/vc_column][vc_column width=\u00bb1\/4&#8243;][tlg_icon_box customize_icon=\u00bbyes\u00bb box_layout=\u00bbanimate-box\u00bb icon_box_link=\u00bb||\u00bb btn_link=\u00bburl:%23|||\u00bb btn_size=\u00bbbtn-sm\u00bb button_icon_hover=\u00bbyes\u00bb button_layout=\u00bbbtn btn-primary-line btn-rounded\u00bb color=\u00bbprimary-color-icon\u00bb icon=\u00bbti-desktop\u00bb title=\u00bbTraining Program Event Growth\u00bb box_bg_color=\u00bb#f6f6f6&#8243; button_text=\u00bbView More\u00bb btn_icon=\u00bbti-angle-right\u00bb animate_bg_color=\u00bb#49c5b6&#8243; animate_gd_color=\u00bb#3451fb\u00bb image=\u00bb8306&#8243;]Engaged vary according to industry and practice[\/tlg_icon_box][tlg_spacer height=\u00bb60&#8243;][tlg_icon_box customize_icon=\u00bbyes\u00bb box_layout=\u00bbanimate-box\u00bb icon_box_link=\u00bb||\u00bb btn_link=\u00bburl:%23|||\u00bb btn_size=\u00bbbtn-sm\u00bb button_icon_hover=\u00bbyes\u00bb button_layout=\u00bbbtn btn-primary-line btn-rounded\u00bb color=\u00bbprimary-color-icon\u00bb icon=\u00bbti-pencil-alt\u00bb title=\u00bbProgram Training Documentation\u00bb box_bg_color=\u00bb#f6f6f6&#8243; button_text=\u00bbView More\u00bb btn_icon=\u00bbti-angle-right\u00bb animate_bg_color=\u00bb#49c5b6&#8243; animate_gd_color=\u00bb#3451fb\u00bb image=\u00bb8302&#8243;]Engaged vary according to industry and practice[\/tlg_icon_box][\/vc_column][vc_column width=\u00bb1\/4&#8243;][tlg_icon_box customize_icon=\u00bbyes\u00bb box_layout=\u00bbanimate-box\u00bb icon_box_link=\u00bb||\u00bb btn_link=\u00bburl:%23|||\u00bb btn_size=\u00bbbtn-sm\u00bb button_icon_hover=\u00bbyes\u00bb button_layout=\u00bbbtn btn-primary-line btn-rounded\u00bb color=\u00bbprimary-color-icon\u00bb icon=\u00bbti-reload\u00bb title=\u00bbFinancial Statement Market Tutorial\u00bb box_bg_color=\u00bb#f6f6f6&#8243; button_text=\u00bbView More\u00bb btn_icon=\u00bbti-angle-right\u00bb animate_bg_color=\u00bb#49c5b6&#8243; animate_gd_color=\u00bb#3451fb\u00bb image=\u00bb8307&#8243;]Your first step towards small business success[\/tlg_icon_box][tlg_spacer height=\u00bb60&#8243;][tlg_icon_box customize_icon=\u00bbyes\u00bb box_layout=\u00bbanimate-box\u00bb icon_box_link=\u00bb||\u00bb btn_link=\u00bburl:%23|||\u00bb btn_size=\u00bbbtn-sm\u00bb button_icon_hover=\u00bbyes\u00bb button_layout=\u00bbbtn btn-primary-line btn-rounded\u00bb color=\u00bbprimary-color-icon\u00bb icon=\u00bbti-reload\u00bb title=\u00bbStatement Online Marketplace\u00bb box_bg_color=\u00bb#f6f6f6&#8243; button_text=\u00bbView More\u00bb btn_icon=\u00bbti-angle-right\u00bb animate_bg_color=\u00bb#49c5b6&#8243; animate_gd_color=\u00bb#3451fb\u00bb image=\u00bb8300&#8243;]Your first step towards small business success[\/tlg_icon_box][\/vc_column][\/vc_row][vc_row disable_element=\u00bbyes\u00bb][vc_column][tlg_headings alignment=\u00bbleft\u00bb separator=\u00bbsplit\u00bb title=\u00bb05\u2014|Our Blog\u00bb subtitle=\u00bbThe latest news from us\u00bb][tlg_blog layout=\u00bbcarousel-3col\u00bb pppage=\u00bb10&#8243;][\/vc_column][\/vc_row][vc_row disable_element=\u00bbyes\u00bb tlg_background_style=\u00bbbg-dark\u00bb tlg_enable_overlay=\u00bbyes\u00bb css=\u00bb.vc_custom_1593038131806{background-image: url(http:\/\/treszero.com\/tz\/wp-content\/uploads\/2019\/06\/friend-connections.jpg?id=8305) !important;}\u00bb tlg_bg_overlay=\u00bb#dc324f\u00bb tlg_bg_overlay_value=\u00bb9.5&#8243; tlg_bg_gradient_color=\u00bb#ffde36&#8243; el_class=\u00bbwhite-form\u00bb][vc_column width=\u00bb1\/2&#8243; css=\u00bb.vc_custom_1495619052912{padding-right: 8% !important;}\u00bb][tlg_headings alignment=\u00bbleft\u00bb separator=\u00bbsplit\u00bb title=\u00bb06\u2014|Get in touch\u00bb subtitle=\u00bbContact us\u00bb][contact-form-7 id=\u00bb681&#8243;][\/vc_column][vc_column width=\u00bb1\/2&#8243;][tlg_headings alignment=\u00bbleft\u00bb separator=\u00bbsplit\u00bb title=\u00bb07\u2014|FAQs\u00bb subtitle=\u00bbThe questions\u00bb][tlg_accordion style=\u00bbaccordion-style-1 accordion-auto-close\u00bb][tlg_accordion_content icon=\u00bbti-vector\u00bb title=\u00bbGeneral Info\u00bb]Torquent lacinia elementum sodales facilisis eleifend ultricies neque ipsum litora, habitasse euismod vel ut egestas viverra at suspendisse ut tristique, donec fusce nisi venenatis aptent vitae libero taciti sodales justo dictum pharetra.[\/tlg_accordion_content][tlg_accordion_content icon=\u00bbti-thought\u00bb title=\u00bbCareer Info\u00bb]Auctor sem ultrices laoreet sagittis massa maecenas quisque lacinia leo lobortis, sem curae quisque donec etiam integer est ultrices curabitur, sociosqu feugiat nisi metus varius himenaeos leo ac fusce.[\/tlg_accordion_content][tlg_accordion_content icon=\u00bbti-notepad\u00bb title=\u00bbNew Business\u00bb]Torquent lacinia elementum sodales facilisis eleifend ultricies neque ipsum litora, habitasse euismod vel ut egestas viverra at suspendisse ut tristique, donec fusce nisi venenatis aptent vitae libero taciti sodales justo dictum pharetra.[\/tlg_accordion_content][\/tlg_accordion][\/vc_column][\/vc_row]<\/p>\n","protected":false},"excerpt":{"rendered":"<p>[vc_row full_width=\u00bbstretch_row\u00bb][vc_column][\/vc_column][\/vc_row][vc_row][vc_column][tlg_headings title_tag=\u00bbh4&#8243; separator=\u00bbsplit\u00bb title=\u00bb01\u2014|Estrategias\u00bb subtitle=\u00bbLa era digital ha llegado\u00bb][\/vc_column][\/vc_row][vc_row tlg_large_container=\u00bbwide-container\u00bb tlg_padding=\u00bbpt0&#8243;][vc_column width=\u00bb1\/3&#8243; css=\u00bb.vc_custom_1546667844781{padding-right: 5% !important;padding-left: 5% !important;}\u00bb][tlg_icon_box box_layout=\u00bbbehind\u00bb icon_box_link=\u00bb||\u00bb color=\u00bbprimary-color-icon\u00bb icon=\u00bbti-world\u00bb title=\u00bbRedes sociales\u00bb subtitle=\u00bb01&#8243; subtitle_color=\u00bb#1e73be\u00bb]Creaci\u00f3n de mensajes estrat\u00e9gicos para las marcas que buscan mayor recordaci\u00f3n. [\/tlg_icon_box][\/vc_column][vc_column width=\u00bb1\/3&#8243; css=\u00bb.vc_custom_1546667851580{padding-right: 5% !important;padding-left: 5% !important;}\u00bb][tlg_icon_box box_layout=\u00bbbehind\u00bb icon_box_link=\u00bb||\u00bb color=\u00bbprimary-color-icon\u00bb icon=\u00bbti-thought\u00bb title=\u00bbBoletines Virtuales\u00bb subtitle=\u00bb02&#8243; subtitle_color=\u00bb#23c436&#8243;]Envi\u0301o de Correos Publicitarios por&#8230;<\/p>\n","protected":false},"author":1,"featured_media":0,"parent":0,"menu_order":0,"comment_status":"closed","ping_status":"closed","template":"","meta":{"footnotes":""},"_links":{"self":[{"href":"https:\/\/treszero.com\/tz\/wp-json\/wp\/v2\/pages\/6187"}],"collection":[{"href":"https:\/\/treszero.com\/tz\/wp-json\/wp\/v2\/pages"}],"about":[{"href":"https:\/\/treszero.com\/tz\/wp-json\/wp\/v2\/types\/page"}],"author":[{"embeddable":true,"href":"https:\/\/treszero.com\/tz\/wp-json\/wp\/v2\/users\/1"}],"replies":[{"embeddable":true,"href":"https:\/\/treszero.com\/tz\/wp-json\/wp\/v2\/comments?post=6187"}],"version-history":[{"count":11,"href":"https:\/\/treszero.com\/tz\/wp-json\/wp\/v2\/pages\/6187\/revisions"}],"predecessor-version":[{"id":8965,"href":"https:\/\/treszero.com\/tz\/wp-json\/wp\/v2\/pages\/6187\/revisions\/8965"}],"wp:attachment":[{"href":"https:\/\/treszero.com\/tz\/wp-json\/wp\/v2\/media?parent=6187"}],"curies":[{"name":"wp","href":"https:\/\/api.w.org\/{rel}","templated":true}]}}